{"id":8289,"date":"2022-04-05T12:25:44","date_gmt":"2022-04-05T12:25:44","guid":{"rendered":"https:\/\/lgmural.com\/?page_id=8289"},"modified":"2026-03-12T11:34:16","modified_gmt":"2026-03-12T11:34:16","slug":"contact","status":"publish","type":"page","link":"https:\/\/lgmural.com\/fr\/contact\/","title":{"rendered":"Nous joindre"},"content":{"rendered":"\t\t<div data-elementor-type=\"wp-page\" data-elementor-id=\"8289\" class=\"elementor elementor-8289 elementor-4292\" data-elementor-post-type=\"page\">\n\t\t\t\t\t\t<section class=\"elementor-section elementor-top-section elementor-element elementor-element-05443e4 elementor-section-full_width elementor-hidden-tablet elementor-hidden-mobile elementor-section-height-default elementor-section-height-default rt-parallax-bg-no\" data-id=\"05443e4\" data-element_type=\"section\">\n\t\t\t\t\t\t<div class=\"elementor-container elementor-column-gap-default\">\n\t\t\t\t\t<div class=\"elementor-column elementor-col-100 elementor-top-column elementor-element elementor-element-0b41255\" data-id=\"0b41255\" data-element_type=\"column\">\n\t\t\t<div class=\"elementor-widget-wrap elementor-element-populated\">\n\t\t\t\t\t\t<div class=\"elementor-element elementor-element-c43579a elementor-widget__width-auto elementor-absolute rt-animate elementor-invisible elementor-widget elementor-widget-image\" data-id=\"c43579a\" data-element_type=\"widget\" data-settings=\"{&quot;_position&quot;:&quot;absolute&quot;,&quot;_animation&quot;:&quot;fadeInDown&quot;}\" data-widget_type=\"image.default\">\n\t\t\t\t<div class=\"elementor-widget-container\">\n\t\t\t\t\t\t\t\t\t\t\t\t\t\t\t<img decoding=\"async\" width=\"143\" height=\"295\" src=\"https:\/\/lgmural.com\/wp-content\/uploads\/2022\/04\/contact-1.svg\" class=\"attachment-full size-full wp-image-8290\" alt=\"\" \/>\t\t\t\t\t\t\t\t\t\t\t\t\t\t\t<\/div>\n\t\t\t\t<\/div>\n\t\t\t\t<div class=\"elementor-element elementor-element-a9be5a1 elementor-widget__width-auto elementor-absolute rt-animate elementor-invisible elementor-widget elementor-widget-image\" data-id=\"a9be5a1\" data-element_type=\"widget\" data-settings=\"{&quot;_position&quot;:&quot;absolute&quot;,&quot;_animation&quot;:&quot;fadeInDown&quot;}\" data-widget_type=\"image.default\">\n\t\t\t\t<div class=\"elementor-widget-container\">\n\t\t\t\t\t\t\t\t\t\t\t\t\t\t\t<img decoding=\"async\" width=\"143\" height=\"257\" src=\"https:\/\/lgmural.com\/wp-content\/uploads\/2022\/04\/contact-2.svg\" class=\"attachment-full size-full wp-image-8291\" alt=\"\" \/>\t\t\t\t\t\t\t\t\t\t\t\t\t\t\t<\/div>\n\t\t\t\t<\/div>\n\t\t\t\t\t<\/div>\n\t\t<\/div>\n\t\t\t\t\t<\/div>\n\t\t<\/section>\n\t\t\t\t<section class=\"elementor-section elementor-top-section elementor-element elementor-element-9055c7e elementor-section-boxed elementor-section-height-default elementor-section-height-default rt-parallax-bg-no\" data-id=\"9055c7e\" data-element_type=\"section\">\n\t\t\t\t\t\t<div class=\"elementor-container elementor-column-gap-default\">\n\t\t\t\t\t<div class=\"elementor-column elementor-col-50 elementor-top-column elementor-element elementor-element-8296dab\" data-id=\"8296dab\" data-element_type=\"column\">\n\t\t\t<div class=\"elementor-widget-wrap elementor-element-populated\">\n\t\t\t\t\t\t<div class=\"elementor-element elementor-element-e2d7501 elementor-widget elementor-widget-rt-text-with-button\" data-id=\"e2d7501\" data-element_type=\"widget\" data-widget_type=\"rt-text-with-button.default\">\n\t\t\t\t<div class=\"elementor-widget-container\">\n\t\t\t\t\t<div class=\"title-text-button  text-style1\">\n\t\t\t\t<h2 class=\"section-title\">Nous sommes l\u00e0 pour vous aider! Sculptez votre corps \u00e0 la maison.<\/h2>\t<div class=\"section-content\">Communiquez avec notre \u00e9quipe pour des conseils personnalis\u00e9s, des d\u00e9tails sur les produits ou toute autre question concernant votre parcours de mise en forme.<\/div>\n\t<\/div>\t\t\t\t<\/div>\n\t\t\t\t<\/div>\n\t\t\t\t<section class=\"elementor-section elementor-inner-section elementor-element elementor-element-b512279 elementor-section-boxed elementor-section-height-default elementor-section-height-default rt-parallax-bg-no\" data-id=\"b512279\" data-element_type=\"section\">\n\t\t\t\t\t\t<div class=\"elementor-container elementor-column-gap-default\">\n\t\t\t\t\t<div class=\"elementor-column elementor-col-50 elementor-inner-column elementor-element elementor-element-87a5256\" data-id=\"87a5256\" data-element_type=\"column\">\n\t\t\t<div class=\"elementor-widget-wrap elementor-element-populated\">\n\t\t\t\t\t\t<div class=\"elementor-element elementor-element-8c4fd37 elementor-widget elementor-widget-rt-info\" data-id=\"8c4fd37\" data-element_type=\"widget\" data-widget_type=\"rt-info.default\">\n\t\t\t\t<div class=\"elementor-widget-container\">\n\t\t\t\t\t\n<div class=\"contact-info-default info-style1\">\n\t<div class=\"contact-info\">\n\t\t<div class=\"contact-address\">\n\t\t\t<h3 class=\"contact-title\">Montr\u00e9al, Canada<\/h3>\n\t\t\t<div class=\"section-line-wrap\">\n\t\t\t\t<span class=\"section-line section-line-one\"><\/span>\n\t\t\t<\/div>\n\t\t\t  \n\t\t\t\t\t\t\t\t\t\t\t\t\t\t<div class=\"list-item\">\n\t\t\t\t\t\t\t\t\t\t\t\t<div class=\"list-content\">\n\t\t\t\t\t\t\t<span>\n\t\t\t\t\t\t\t\t\t\t\t\t\t\t\t\t\t1290 Mnt de Liesse, Saint-Laurent, QC H4S 1J4\t\t\t\t\t\t\t\t\t\t\t\t\t\t\t<\/span>\n\t\t\t\t\t\t<\/div>\n\t\t\t\t\t\t\t\t\t\t\t<\/div>\n\t\t\t\t\t\t\t\t\t<\/div>\n\t<\/div>\n\t\n<\/div>\t\t\t\t<\/div>\n\t\t\t\t<\/div>\n\t\t\t\t\t<\/div>\n\t\t<\/div>\n\t\t\t\t<div class=\"elementor-column elementor-col-50 elementor-inner-column elementor-element elementor-element-cc8c553\" data-id=\"cc8c553\" data-element_type=\"column\">\n\t\t\t<div class=\"elementor-widget-wrap elementor-element-populated\">\n\t\t\t\t\t\t<div class=\"elementor-element elementor-element-cf7a781 elementor-widget elementor-widget-rt-info\" data-id=\"cf7a781\" data-element_type=\"widget\" data-widget_type=\"rt-info.default\">\n\t\t\t\t<div class=\"elementor-widget-container\">\n\t\t\t\t\t\n<div class=\"contact-info-default info-style1\">\n\t<div class=\"contact-info\">\n\t\t<div class=\"contact-address\">\n\t\t\t<h3 class=\"contact-title\">Heures d&#039;ouverture<\/h3>\n\t\t\t<div class=\"section-line-wrap\">\n\t\t\t\t<span class=\"section-line section-line-one\"><\/span>\n\t\t\t<\/div>\n\t\t\t  \n\t\t\t\t\t\t\t\t\t\t\t\t\t\t<div class=\"list-item\">\n\t\t\t\t\t\t\t\t\t\t\t\t<div class=\"list-content\">\n\t\t\t\t\t\t\t<span>\n\t\t\t\t\t\t\t\t\t\t\t\t\t\t\t\t\tLun. au Sam. : 8h00 \u2013 17h00\t\t\t\t\t\t\t\t\t\t\t\t\t\t\t<\/span>\n\t\t\t\t\t\t<\/div>\n\t\t\t\t\t\t\t\t\t\t\t<\/div>\n\t\t\t\t\t\t\t\t\t\t\t\t\t\t<div class=\"list-item\">\n\t\t\t\t\t\t\t\t\t\t\t\t<div class=\"list-content\">\n\t\t\t\t\t\t\t<span>\n\t\t\t\t\t\t\t\t\t\t\t\t\t\t\t\t\tDimanche : Ferm\u00e9\t\t\t\t\t\t\t\t\t\t\t\t\t\t\t<\/span>\n\t\t\t\t\t\t<\/div>\n\t\t\t\t\t\t\t\t\t\t\t<\/div>\n\t\t\t\t\t\t\t\t\t<\/div>\n\t<\/div>\n\t\n<\/div>\t\t\t\t<\/div>\n\t\t\t\t<\/div>\n\t\t\t\t\t<\/div>\n\t\t<\/div>\n\t\t\t\t\t<\/div>\n\t\t<\/section>\n\t\t\t\t<section class=\"elementor-section elementor-inner-section elementor-element elementor-element-032fd3f elementor-section-boxed elementor-section-height-default elementor-section-height-default rt-parallax-bg-no\" data-id=\"032fd3f\" data-element_type=\"section\">\n\t\t\t\t\t\t<div class=\"elementor-container elementor-column-gap-default\">\n\t\t\t\t\t<div class=\"elementor-column elementor-col-50 elementor-inner-column elementor-element elementor-element-1c170cf\" data-id=\"1c170cf\" data-element_type=\"column\">\n\t\t\t<div class=\"elementor-widget-wrap elementor-element-populated\">\n\t\t\t\t\t\t<div class=\"elementor-element elementor-element-e71b2ff elementor-widget elementor-widget-rt-info\" data-id=\"e71b2ff\" data-element_type=\"widget\" data-widget_type=\"rt-info.default\">\n\t\t\t\t<div class=\"elementor-widget-container\">\n\t\t\t\t\t\n<div class=\"contact-info-default info-style1\">\n\t<div class=\"contact-info\">\n\t\t<div class=\"contact-address\">\n\t\t\t<h3 class=\"contact-title\">Contacts<\/h3>\n\t\t\t<div class=\"section-line-wrap\">\n\t\t\t\t<span class=\"section-line section-line-one\"><\/span>\n\t\t\t<\/div>\n\t\t\t  \n\t\t\t\t\t\t\t\t\t\t\t\t\t\t<div class=\"list-item\">\n\t\t\t\t\t\t\t\t\t\t\t\t<div class=\"list-content\">\n\t\t\t\t\t\t\t<span>\n\t\t\t\t\t\t\t\t\t\t\t\t\t\t\t\t\t<a href=\"tel:+1-833-546-8725\">\n\t\t\t\t\t\t\t\t\t\t+1-833-546-8725\t\t\t\t\t\t\t\t\t<\/a>\n\t\t\t\t\t\t\t\t\n\t\t\t\t\t\t\t\t\t\t\t\t\t\t\t<\/span>\n\t\t\t\t\t\t<\/div>\n\t\t\t\t\t\t\t\t\t\t\t<\/div>\n\t\t\t\t\t\t\t\t\t\t\t\t\t\t<div class=\"list-item\">\n\t\t\t\t\t\t\t\t\t\t\t\t<div class=\"list-content\">\n\t\t\t\t\t\t\t<span>\n\t\t\t\t\t\t\t\t\t\t\t\t\t\t\t\t\t<a href=\"mailto:info@lgmural.com\">\n\t\t\t\t\t\t\t\t\t\tinfo@lgmural.com\t\t\t\t\t\t\t\t\t<\/a>\n\t\t\t\t\t\t\t\t\n\t\t\t\t\t\t\t\t\t\t\t\t\t\t\t<\/span>\n\t\t\t\t\t\t<\/div>\n\t\t\t\t\t\t\t\t\t\t\t<\/div>\n\t\t\t\t\t\t\t\t\t<\/div>\n\t<\/div>\n\t\n<\/div>\t\t\t\t<\/div>\n\t\t\t\t<\/div>\n\t\t\t\t\t<\/div>\n\t\t<\/div>\n\t\t\t\t<div class=\"elementor-column elementor-col-50 elementor-inner-column elementor-element elementor-element-00ac3bf\" data-id=\"00ac3bf\" data-element_type=\"column\">\n\t\t\t<div class=\"elementor-widget-wrap elementor-element-populated\">\n\t\t\t\t\t\t<div class=\"elementor-element elementor-element-33508da elementor-widget elementor-widget-rt-info\" data-id=\"33508da\" data-element_type=\"widget\" data-widget_type=\"rt-info.default\">\n\t\t\t\t<div class=\"elementor-widget-container\">\n\t\t\t\t\t<div class=\"contact-info-default info-style2\">\n\t<div class=\"contact-info\">\n\t\t\t\t\t<h2 class=\"contact-title\">Suivez-nous sur<\/h2>\n\t\t\t\t<div class=\"section-line-wrap\">\n\t\t\t<span class=\"section-line section-line-one\"><\/span>\n\t\t<\/div>\n\t\t<ul class=\"social-icons\">\n\t\t\t\t\t\t\t<li>\n\t\t\t\t\t<a href=\"https:\/\/www.facebook.com\/share\/1FyjJT5dxW\/?mibextid=wwXIfr\" ><i class=\"fab fa-facebook-f\"><\/i><\/a>\n\t\t\t\t<\/li>\n\t\t\t\t\t\t\t\t\t\t\t\t\t\t\t\t<li>\n\t\t\t\t\t<a href=\"https:\/\/www.instagram.com\/lgmural\" ><i class=\"fab fa-instagram\"><\/i><\/a>\n\t\t\t\t<\/li>\n\t\t\t\t\t\t\t\t\t\t\t\t\t\t<\/ul>\n\t<\/div>\n<\/div>\t\t\t\t<\/div>\n\t\t\t\t<\/div>\n\t\t\t\t\t<\/div>\n\t\t<\/div>\n\t\t\t\t\t<\/div>\n\t\t<\/section>\n\t\t\t\t\t<\/div>\n\t\t<\/div>\n\t\t\t\t<div class=\"elementor-column elementor-col-50 elementor-top-column elementor-element elementor-element-edace2e contact-page\" data-id=\"edace2e\" data-element_type=\"column\">\n\t\t\t<div class=\"elementor-widget-wrap elementor-element-populated\">\n\t\t\t\t\t\t<section class=\"elementor-section elementor-inner-section elementor-element elementor-element-fb2f127 fluent-form elementor-section-boxed elementor-section-height-default elementor-section-height-default rt-parallax-bg-no\" data-id=\"fb2f127\" data-element_type=\"section\">\n\t\t\t\t\t\t<div class=\"elementor-container elementor-column-gap-default\">\n\t\t\t\t\t<div class=\"elementor-column elementor-col-100 elementor-inner-column elementor-element elementor-element-179e284\" data-id=\"179e284\" data-element_type=\"column\">\n\t\t\t<div class=\"elementor-widget-wrap elementor-element-populated\">\n\t\t\t\t\t\t<div class=\"elementor-element elementor-element-2e3a182 elementor-widget elementor-widget-heading\" data-id=\"2e3a182\" data-element_type=\"widget\" data-widget_type=\"heading.default\">\n\t\t\t\t<div class=\"elementor-widget-container\">\n\t\t\t\t\t<h2 class=\"elementor-heading-title elementor-size-default\">Soumettez Votre Demande de Renseignements<\/h2>\t\t\t\t<\/div>\n\t\t\t\t<\/div>\n\t\t\t\t<div class=\"elementor-element elementor-element-c413a89 elementor-button-align-stretch elementor-widget elementor-widget-form\" data-id=\"c413a89\" data-element_type=\"widget\" data-settings=\"{&quot;step_next_label&quot;:&quot;Next&quot;,&quot;step_previous_label&quot;:&quot;Previous&quot;,&quot;button_width&quot;:&quot;100&quot;,&quot;step_type&quot;:&quot;number_text&quot;,&quot;step_icon_shape&quot;:&quot;circle&quot;}\" data-widget_type=\"form.default\">\n\t\t\t\t<div class=\"elementor-widget-container\">\n\t\t\t\t\t\t\t<form class=\"elementor-form\" method=\"post\" name=\"Contact Form FR\" aria-label=\"Contact Form FR\">\n\t\t\t<input type=\"hidden\" name=\"post_id\" value=\"8289\"\/>\n\t\t\t<input type=\"hidden\" name=\"form_id\" value=\"c413a89\"\/>\n\t\t\t<input type=\"hidden\" name=\"referer_title\" value=\"Contactez-nous \u2013 Lits et gyms muraux au Canada | LG Mural\" \/>\n\n\t\t\t\t\t\t\t<input type=\"hidden\" name=\"queried_id\" value=\"8289\"\/>\n\t\t\t\n\t\t\t<div class=\"elementor-form-fields-wrapper elementor-labels-\">\n\t\t\t\t\t\t\t\t<div class=\"elementor-field-type-text elementor-field-group elementor-column elementor-field-group-name elementor-col-100 elementor-field-required\">\n\t\t\t\t\t\t\t\t\t\t\t\t<label for=\"form-field-name\" class=\"elementor-field-label elementor-screen-only\">\n\t\t\t\t\t\t\t\tNom complet\t\t\t\t\t\t\t<\/label>\n\t\t\t\t\t\t\t\t\t\t\t\t\t\t<input size=\"1\" type=\"text\" name=\"form_fields[name]\" id=\"form-field-name\" class=\"elementor-field elementor-size-sm  elementor-field-textual\" placeholder=\"Nom complet\" required=\"required\">\n\t\t\t\t\t\t\t\t\t\t\t<\/div>\n\t\t\t\t\t\t\t\t<div class=\"elementor-field-type-email elementor-field-group elementor-column elementor-field-group-email elementor-col-100 elementor-field-required\">\n\t\t\t\t\t\t\t\t\t\t\t\t<label for=\"form-field-email\" class=\"elementor-field-label elementor-screen-only\">\n\t\t\t\t\t\t\t\tAdresse email\t\t\t\t\t\t\t<\/label>\n\t\t\t\t\t\t\t\t\t\t\t\t\t\t<input size=\"1\" type=\"email\" name=\"form_fields[email]\" id=\"form-field-email\" class=\"elementor-field elementor-size-sm  elementor-field-textual\" placeholder=\"Adresse email\" required=\"required\">\n\t\t\t\t\t\t\t\t\t\t\t<\/div>\n\t\t\t\t\t\t\t\t<div class=\"elementor-field-type-telephone elementor-field-group elementor-column elementor-field-group-field_0c49e15 elementor-col-100 elementor-field-required\">\n\t\t\t\t\t\t\t\t\t\t\t\t<label for=\"form-field-field_0c49e15\" class=\"elementor-field-label elementor-screen-only\">\n\t\t\t\t\t\t\t\tNum\u00e9ro de t\u00e9l\u00e9phone\t\t\t\t\t\t\t<\/label>\n\t\t\t\t\t\t\t\t<input dir=\"ltr\" type=\"text\" name=\"change_name_field_0c49e15\" id=\"form-field-field_0c49e15\" class=\"elementor-field elementor-size-sm  elementor-field-telephone elementor-field-textual yee-ltr\" required=\"required\" data-auto=\"yes\" data-pre=\"ca\" data-excludeCountries=\"is\" data-onlyct=\"\" data-defcountry=\"\" data-hide_flag=\"\" data-hide_code=\"\" data-validation=\"yes\" data-name=\"field_0c49e15\" data-telephone_search=\"\" >\n\t\t<input onkeydown=\"return \/[0-9]|\\(|\\)|\\+|-|BACKSPACE\/i.test(event.key)\" type=\"hidden\" class=\"phone_check\" name=\"form_fields[field_0c49e15_check]\" value=\"\" >\n\t\t\t\t\t\t<\/div>\n\t\t\t\t\t\t\t\t<div class=\"elementor-field-type-text elementor-field-group elementor-column elementor-field-group-field_b39d63f elementor-col-100 elementor-field-required\">\n\t\t\t\t\t\t\t\t\t\t\t\t<label for=\"form-field-field_b39d63f\" class=\"elementor-field-label elementor-screen-only\">\n\t\t\t\t\t\t\t\tVille, Pays\t\t\t\t\t\t\t<\/label>\n\t\t\t\t\t\t\t\t\t\t\t\t\t\t<input size=\"1\" type=\"text\" name=\"form_fields[field_b39d63f]\" id=\"form-field-field_b39d63f\" class=\"elementor-field elementor-size-sm  elementor-field-textual\" placeholder=\"Ville, Pays\" required=\"required\">\n\t\t\t\t\t\t\t\t\t\t\t<\/div>\n\t\t\t\t\t\t\t\t<div class=\"elementor-field-type-textarea elementor-field-group elementor-column elementor-field-group-message elementor-col-100\">\n\t\t\t\t\t\t\t\t\t\t\t\t<label for=\"form-field-message\" class=\"elementor-field-label elementor-screen-only\">\n\t\t\t\t\t\t\t\tNotes\t\t\t\t\t\t\t<\/label>\n\t\t\t\t\t\t<textarea class=\"elementor-field-textual elementor-field  elementor-size-sm\" name=\"form_fields[message]\" id=\"form-field-message\" rows=\"4\" placeholder=\"Notes\"><\/textarea>\t\t\t\t<\/div>\n\t\t\t\t\t\t\t\t<div class=\"elementor-field-type-recaptcha_v3 elementor-field-group elementor-column elementor-field-group-field_854ad46 elementor-col-100 recaptcha_v3-bottomright\">\n\t\t\t\t\t<div class=\"elementor-field\" id=\"form-field-field_854ad46\"><div class=\"elementor-g-recaptcha\" data-sitekey=\"6LdAG_wrAAAAACi5MH3ONcQdQyeIazsrd9qrIzpV\" data-type=\"v3\" data-action=\"Form\" data-badge=\"bottomright\" data-size=\"invisible\"><\/div><\/div>\t\t\t\t<\/div>\n\t\t\t\t\t\t\t\t<div class=\"elementor-field-group elementor-column elementor-field-type-submit elementor-col-100 e-form__buttons\">\n\t\t\t\t\t<button class=\"elementor-button elementor-size-md\" type=\"submit\">\n\t\t\t\t\t\t<span class=\"elementor-button-content-wrapper\">\n\t\t\t\t\t\t\t\t\t\t\t\t\t\t\t\t\t\t\t\t\t\t<span class=\"elementor-button-text\">ENVOYER <\/span>\n\t\t\t\t\t\t\t\t\t\t\t\t\t<\/span>\n\t\t\t\t\t<\/button>\n\t\t\t\t<\/div>\n\t\t\t<\/div>\n\t\t<\/form>\n\t\t\t\t\t\t<\/div>\n\t\t\t\t<\/div>\n\t\t\t\t\t<\/div>\n\t\t<\/div>\n\t\t\t\t\t<\/div>\n\t\t<\/section>\n\t\t\t\t\t<\/div>\n\t\t<\/div>\n\t\t\t\t\t<\/div>\n\t\t<\/section>\n\t\t\t\t<\/div>\n\t\t","protected":false},"excerpt":{"rendered":"<p>Nous sommes l\u00e0 pour vous aider! Sculptez votre corps \u00e0 la maison. Communiquez avec notre \u00e9quipe pour des conseils personnalis\u00e9s, des d\u00e9tails sur les produits ou toute autre question concernant votre parcours de mise en forme. Montr\u00e9al, Canada 1290 Mnt de Liesse, Saint-Laurent, QC H4S 1J4 Heures d&rsquo;ouverture Lun. au Sam. : 8h00 \u2013 17h00 [&hellip;]<\/p>\n","protected":false},"author":1,"featured_media":0,"parent":0,"menu_order":0,"comment_status":"closed","ping_status":"closed","template":"elementor_header_footer","meta":{"footnotes":""},"class_list":["post-8289","page","type-page","status-publish","hentry"],"yoast_head":"<!-- This site is optimized with the Yoast SEO plugin v26.6 - https:\/\/yoast.com\/wordpress\/plugins\/seo\/ -->\n<title>Contactez-nous \u2013 Lits et gyms muraux au Canada | LG Mural<\/title>\n<meta name=\"description\" content=\"Des questions ou besoin d\u2019aide ? Contactez LG Mural pour nos lits et gyms muraux au Canada. Nous sommes l\u00e0 pour vous aider et vous conseiller.\" \/>\n<meta name=\"robots\" content=\"index, follow, max-snippet:-1, max-image-preview:large, max-video-preview:-1\" \/>\n<link rel=\"canonical\" href=\"https:\/\/lgmural.com\/fr\/contact\/\" \/>\n<meta property=\"og:locale\" content=\"fr_CA\" \/>\n<meta property=\"og:type\" content=\"article\" \/>\n<meta property=\"og:title\" content=\"Contactez-nous \u2013 Lits et gyms muraux au Canada | LG Mural\" \/>\n<meta property=\"og:description\" content=\"Des questions ou besoin d\u2019aide ? Contactez LG Mural pour nos lits et gyms muraux au Canada. Nous sommes l\u00e0 pour vous aider et vous conseiller.\" \/>\n<meta property=\"og:url\" content=\"https:\/\/lgmural.com\/fr\/contact\/\" \/>\n<meta property=\"og:site_name\" content=\"LG Mural\" \/>\n<meta property=\"article:modified_time\" content=\"2026-03-12T11:34:16+00:00\" \/>\n<meta property=\"og:image\" content=\"https:\/\/lgmural.com\/wp-content\/uploads\/2022\/04\/contact-1.svg\" \/>\n<meta name=\"twitter:card\" content=\"summary_large_image\" \/>\n<meta name=\"twitter:label1\" content=\"Estimation du temps de lecture\" \/>\n\t<meta name=\"twitter:data1\" content=\"1 minute\" \/>\n<script type=\"application\/ld+json\" class=\"yoast-schema-graph\">{\"@context\":\"https:\/\/schema.org\",\"@graph\":[{\"@type\":\"WebPage\",\"@id\":\"https:\/\/lgmural.com\/fr\/contact\/\",\"url\":\"https:\/\/lgmural.com\/fr\/contact\/\",\"name\":\"Contactez-nous \u2013 Lits et gyms muraux au Canada | LG Mural\",\"isPartOf\":{\"@id\":\"https:\/\/lgmural.com\/#website\"},\"primaryImageOfPage\":{\"@id\":\"https:\/\/lgmural.com\/fr\/contact\/#primaryimage\"},\"image\":{\"@id\":\"https:\/\/lgmural.com\/fr\/contact\/#primaryimage\"},\"thumbnailUrl\":\"https:\/\/lgmural.com\/wp-content\/uploads\/2022\/04\/contact-1.svg\",\"datePublished\":\"2022-04-05T12:25:44+00:00\",\"dateModified\":\"2026-03-12T11:34:16+00:00\",\"description\":\"Des questions ou besoin d\u2019aide ? Contactez LG Mural pour nos lits et gyms muraux au Canada. Nous sommes l\u00e0 pour vous aider et vous conseiller.\",\"breadcrumb\":{\"@id\":\"https:\/\/lgmural.com\/fr\/contact\/#breadcrumb\"},\"inLanguage\":\"fr-CA\",\"potentialAction\":[{\"@type\":\"ReadAction\",\"target\":[\"https:\/\/lgmural.com\/fr\/contact\/\"]}]},{\"@type\":\"ImageObject\",\"inLanguage\":\"fr-CA\",\"@id\":\"https:\/\/lgmural.com\/fr\/contact\/#primaryimage\",\"url\":\"https:\/\/lgmural.com\/wp-content\/uploads\/2022\/04\/contact-1.svg\",\"contentUrl\":\"https:\/\/lgmural.com\/wp-content\/uploads\/2022\/04\/contact-1.svg\"},{\"@type\":\"BreadcrumbList\",\"@id\":\"https:\/\/lgmural.com\/fr\/contact\/#breadcrumb\",\"itemListElement\":[{\"@type\":\"ListItem\",\"position\":1,\"name\":\"Home\",\"item\":\"https:\/\/lgmural.com\/fr\/\"},{\"@type\":\"ListItem\",\"position\":2,\"name\":\"Nous joindre\"}]},{\"@type\":\"WebSite\",\"@id\":\"https:\/\/lgmural.com\/#website\",\"url\":\"https:\/\/lgmural.com\/\",\"name\":\"LG Mural\",\"description\":\"Your Gym at Home\",\"publisher\":{\"@id\":\"https:\/\/lgmural.com\/#organization\"},\"potentialAction\":[{\"@type\":\"SearchAction\",\"target\":{\"@type\":\"EntryPoint\",\"urlTemplate\":\"https:\/\/lgmural.com\/?s={search_term_string}\"},\"query-input\":{\"@type\":\"PropertyValueSpecification\",\"valueRequired\":true,\"valueName\":\"search_term_string\"}}],\"inLanguage\":\"fr-CA\"},{\"@type\":\"Organization\",\"@id\":\"https:\/\/lgmural.com\/#organization\",\"name\":\"LG Mural\",\"url\":\"https:\/\/lgmural.com\/\",\"logo\":{\"@type\":\"ImageObject\",\"inLanguage\":\"fr-CA\",\"@id\":\"https:\/\/lgmural.com\/#\/schema\/logo\/image\/\",\"url\":\"https:\/\/lgmural.com\/wp-content\/uploads\/2025\/10\/logo-dark.png\",\"contentUrl\":\"https:\/\/lgmural.com\/wp-content\/uploads\/2025\/10\/logo-dark.png\",\"width\":925,\"height\":260,\"caption\":\"LG Mural\"},\"image\":{\"@id\":\"https:\/\/lgmural.com\/#\/schema\/logo\/image\/\"}}]}<\/script>\n<!-- \/ Yoast SEO plugin. -->","yoast_head_json":{"title":"Contactez-nous \u2013 Lits et gyms muraux au Canada | LG Mural","description":"Des questions ou besoin d\u2019aide ? Contactez LG Mural pour nos lits et gyms muraux au Canada. Nous sommes l\u00e0 pour vous aider et vous conseiller.","robots":{"index":"index","follow":"follow","max-snippet":"max-snippet:-1","max-image-preview":"max-image-preview:large","max-video-preview":"max-video-preview:-1"},"canonical":"https:\/\/lgmural.com\/fr\/contact\/","og_locale":"fr_CA","og_type":"article","og_title":"Contactez-nous \u2013 Lits et gyms muraux au Canada | LG Mural","og_description":"Des questions ou besoin d\u2019aide ? Contactez LG Mural pour nos lits et gyms muraux au Canada. Nous sommes l\u00e0 pour vous aider et vous conseiller.","og_url":"https:\/\/lgmural.com\/fr\/contact\/","og_site_name":"LG Mural","article_modified_time":"2026-03-12T11:34:16+00:00","og_image":[{"url":"https:\/\/lgmural.com\/wp-content\/uploads\/2022\/04\/contact-1.svg","type":"","width":"","height":""}],"twitter_card":"summary_large_image","twitter_misc":{"Estimation du temps de lecture":"1 minute"},"schema":{"@context":"https:\/\/schema.org","@graph":[{"@type":"WebPage","@id":"https:\/\/lgmural.com\/fr\/contact\/","url":"https:\/\/lgmural.com\/fr\/contact\/","name":"Contactez-nous \u2013 Lits et gyms muraux au Canada | LG Mural","isPartOf":{"@id":"https:\/\/lgmural.com\/#website"},"primaryImageOfPage":{"@id":"https:\/\/lgmural.com\/fr\/contact\/#primaryimage"},"image":{"@id":"https:\/\/lgmural.com\/fr\/contact\/#primaryimage"},"thumbnailUrl":"https:\/\/lgmural.com\/wp-content\/uploads\/2022\/04\/contact-1.svg","datePublished":"2022-04-05T12:25:44+00:00","dateModified":"2026-03-12T11:34:16+00:00","description":"Des questions ou besoin d\u2019aide ? Contactez LG Mural pour nos lits et gyms muraux au Canada. Nous sommes l\u00e0 pour vous aider et vous conseiller.","breadcrumb":{"@id":"https:\/\/lgmural.com\/fr\/contact\/#breadcrumb"},"inLanguage":"fr-CA","potentialAction":[{"@type":"ReadAction","target":["https:\/\/lgmural.com\/fr\/contact\/"]}]},{"@type":"ImageObject","inLanguage":"fr-CA","@id":"https:\/\/lgmural.com\/fr\/contact\/#primaryimage","url":"https:\/\/lgmural.com\/wp-content\/uploads\/2022\/04\/contact-1.svg","contentUrl":"https:\/\/lgmural.com\/wp-content\/uploads\/2022\/04\/contact-1.svg"},{"@type":"BreadcrumbList","@id":"https:\/\/lgmural.com\/fr\/contact\/#breadcrumb","itemListElement":[{"@type":"ListItem","position":1,"name":"Home","item":"https:\/\/lgmural.com\/fr\/"},{"@type":"ListItem","position":2,"name":"Nous joindre"}]},{"@type":"WebSite","@id":"https:\/\/lgmural.com\/#website","url":"https:\/\/lgmural.com\/","name":"LG Mural","description":"Your Gym at Home","publisher":{"@id":"https:\/\/lgmural.com\/#organization"},"potentialAction":[{"@type":"SearchAction","target":{"@type":"EntryPoint","urlTemplate":"https:\/\/lgmural.com\/?s={search_term_string}"},"query-input":{"@type":"PropertyValueSpecification","valueRequired":true,"valueName":"search_term_string"}}],"inLanguage":"fr-CA"},{"@type":"Organization","@id":"https:\/\/lgmural.com\/#organization","name":"LG Mural","url":"https:\/\/lgmural.com\/","logo":{"@type":"ImageObject","inLanguage":"fr-CA","@id":"https:\/\/lgmural.com\/#\/schema\/logo\/image\/","url":"https:\/\/lgmural.com\/wp-content\/uploads\/2025\/10\/logo-dark.png","contentUrl":"https:\/\/lgmural.com\/wp-content\/uploads\/2025\/10\/logo-dark.png","width":925,"height":260,"caption":"LG Mural"},"image":{"@id":"https:\/\/lgmural.com\/#\/schema\/logo\/image\/"}}]}},"_links":{"self":[{"href":"https:\/\/lgmural.com\/fr\/wp-json\/wp\/v2\/pages\/8289","targetHints":{"allow":["GET"]}}],"collection":[{"href":"https:\/\/lgmural.com\/fr\/wp-json\/wp\/v2\/pages"}],"about":[{"href":"https:\/\/lgmural.com\/fr\/wp-json\/wp\/v2\/types\/page"}],"author":[{"embeddable":true,"href":"https:\/\/lgmural.com\/fr\/wp-json\/wp\/v2\/users\/1"}],"replies":[{"embeddable":true,"href":"https:\/\/lgmural.com\/fr\/wp-json\/wp\/v2\/comments?post=8289"}],"version-history":[{"count":1,"href":"https:\/\/lgmural.com\/fr\/wp-json\/wp\/v2\/pages\/8289\/revisions"}],"predecessor-version":[{"id":8581,"href":"https:\/\/lgmural.com\/fr\/wp-json\/wp\/v2\/pages\/8289\/revisions\/8581"}],"wp:attachment":[{"href":"https:\/\/lgmural.com\/fr\/wp-json\/wp\/v2\/media?parent=8289"}],"curies":[{"name":"wp","href":"https:\/\/api.w.org\/{rel}","templated":true}]}}