{"id":8284,"date":"2022-02-08T04:38:55","date_gmt":"2022-02-08T04:38:55","guid":{"rendered":"https:\/\/lgmural.com\/?page_id=8284"},"modified":"2026-03-12T11:36:33","modified_gmt":"2026-03-12T11:36:33","slug":"politique-de-confidentialite","status":"publish","type":"page","link":"https:\/\/lgmural.com\/fr\/politique-de-confidentialite\/","title":{"rendered":"Politique de Confidentialit\u00e9"},"content":{"rendered":"<p data-start=\"217\" data-end=\"254\">Derni\u00e8re mise \u00e0 jour: 30 octobre 2025<\/p>\n<p data-start=\"256\" data-end=\"557\">La pr\u00e9sente Politique de Confidentialit\u00e9 d\u00e9crit nos politiques et proc\u00e9dures concernant la collecte, l\u2019utilisation et la divulgation de vos informations lorsque vous utilisez le Service. Elle vous informe \u00e9galement de vos droits en mati\u00e8re de confidentialit\u00e9 et de la mani\u00e8re dont la loi vous prot\u00e8ge.<\/p>\n<p data-start=\"559\" data-end=\"772\">Nous utilisons vos donn\u00e9es personnelles pour fournir et am\u00e9liorer le Service. En utilisant le Service, vous acceptez la collecte et l\u2019utilisation des informations conform\u00e9ment \u00e0 cette Politique de Confidentialit\u00e9.<\/p>\n<h4 data-start=\"774\" data-end=\"807\"><strong data-start=\"774\" data-end=\"807\">Interpr\u00e9tation et D\u00e9finitions<\/strong><\/h4>\n<h5 data-start=\"809\" data-end=\"827\"><strong data-start=\"809\" data-end=\"827\">Interpr\u00e9tation<\/strong><\/h5>\n<p data-start=\"829\" data-end=\"1043\">Les mots dont la premi\u00e8re lettre est en majuscule ont une signification d\u00e9finie selon les conditions ci dessous. Les d\u00e9finitions suivantes ont la m\u00eame signification qu\u2019elles apparaissent au singulier ou au pluriel.<\/p>\n<h5 data-start=\"1045\" data-end=\"1060\"><strong data-start=\"1045\" data-end=\"1060\">D\u00e9finitions<\/strong><\/h5>\n<p data-start=\"1062\" data-end=\"1115\">Aux fins de la pr\u00e9sente Politique de Confidentialit\u00e9:<\/p>\n<p data-start=\"1117\" data-end=\"1230\">Compte signifie un compte unique cr\u00e9\u00e9 pour vous permettre d\u2019acc\u00e9der au Service ou \u00e0 certaines parties du Service.<\/p>\n<p data-start=\"1232\" data-end=\"1546\">Affili\u00e9 signifie une entit\u00e9 qui contr\u00f4le, est contr\u00f4l\u00e9e par ou est sous contr\u00f4le commun avec une autre partie. Le terme contr\u00f4le signifie la d\u00e9tention de cinquante pour cent ou plus des actions, int\u00e9r\u00eats ou autres titres donnant droit de vote pour l\u2019\u00e9lection des administrateurs ou d\u2019une autre autorit\u00e9 de gestion.<\/p>\n<p data-start=\"1548\" data-end=\"1667\">Soci\u00e9t\u00e9 d\u00e9signe LG Mural, Montr\u00e9al. Dans la pr\u00e9sente Politique, elle est d\u00e9sign\u00e9e comme la Soci\u00e9t\u00e9, Nous, Notre ou Nos.<\/p>\n<p data-start=\"1669\" data-end=\"1903\">Cookies signifie de petits fichiers plac\u00e9s sur votre ordinateur, t\u00e9l\u00e9phone mobile ou tout autre appareil par un site web. Ils contiennent des d\u00e9tails sur votre historique de navigation sur ce site et ont plusieurs autres utilisations.<\/p>\n<p data-start=\"1905\" data-end=\"1936\">Pays d\u00e9signe le Qu\u00e9bec, Canada.<\/p>\n<p data-start=\"1938\" data-end=\"2066\">Appareil d\u00e9signe tout appareil pouvant acc\u00e9der au Service tel qu\u2019un ordinateur, un t\u00e9l\u00e9phone portable ou une tablette num\u00e9rique.<\/p>\n<p data-start=\"2068\" data-end=\"2166\">Donn\u00e9es personnelles d\u00e9signe toute information relative \u00e0 une personne identifi\u00e9e ou identifiable.<\/p>\n<p data-start=\"2168\" data-end=\"2196\">Service d\u00e9signe le Site web.<\/p>\n<p data-start=\"2198\" data-end=\"2532\">Prestataire de services d\u00e9signe toute personne physique ou morale qui traite les donn\u00e9es pour le compte de la Soci\u00e9t\u00e9. Cela inclut les soci\u00e9t\u00e9s ou individus tiers employ\u00e9s pour faciliter le Service, fournir le Service au nom de la Soci\u00e9t\u00e9, ex\u00e9cuter des services li\u00e9s au Service ou aider la Soci\u00e9t\u00e9 \u00e0 analyser l\u2019utilisation du Service.<\/p>\n<p data-start=\"2534\" data-end=\"2730\">Donn\u00e9es d\u2019utilisation d\u00e9signe les donn\u00e9es collect\u00e9es automatiquement, soit g\u00e9n\u00e9r\u00e9es par l\u2019utilisation du Service, soit provenant de l\u2019infrastructure du Service comme la dur\u00e9e d\u2019une visite de page.<\/p>\n<p data-start=\"2732\" data-end=\"2800\">Site web d\u00e9signe LG Mural accessible \u00e0 partir de <a class=\"decorated-link\" href=\"https:\/\/lgmural.com\/fr\/\" target=\"_new\" rel=\"noopener\" data-start=\"2781\" data-end=\"2800\">https:\/\/lgmural.com<\/a><\/p>\n<p data-start=\"2802\" data-end=\"2952\">Vous d\u00e9signe la personne physique utilisant le Service ou la soci\u00e9t\u00e9 ou entit\u00e9 juridique pour le compte de laquelle cette personne utilise le Service.<\/p>\n<p data-start=\"2954\" data-end=\"3009\"><strong data-start=\"2954\" data-end=\"3009\">Collecte et Utilisation de Vos Donn\u00e9es Personnelles<\/strong><\/p>\n<p data-start=\"3011\" data-end=\"3042\"><strong data-start=\"3011\" data-end=\"3042\">Types de Donn\u00e9es Collect\u00e9es<\/strong><\/p>\n<h5 data-start=\"3044\" data-end=\"3068\"><strong data-start=\"3044\" data-end=\"3068\">Donn\u00e9es personnelles<\/strong><\/h5>\n<p data-start=\"3070\" data-end=\"3301\">Lors de l\u2019utilisation de notre Service, nous pouvons vous demander de fournir certaines informations personnelles identifiables permettant de vous contacter ou de vous identifier. Ces informations peuvent inclure, sans s\u2019y limiter:<\/p>\n<p data-start=\"3303\" data-end=\"3340\">Adresse email<br data-start=\"3316\" data-end=\"3319\" \/>Donn\u00e9es d\u2019utilisation<\/p>\n<h5 data-start=\"3342\" data-end=\"3367\"><strong data-start=\"3342\" data-end=\"3367\">Donn\u00e9es d\u2019utilisation<\/strong><\/h5>\n<p data-start=\"3369\" data-end=\"3460\">Les Donn\u00e9es d\u2019utilisation sont collect\u00e9es automatiquement lors de l\u2019utilisation du Service.<\/p>\n<p data-start=\"3462\" data-end=\"3771\">Elles peuvent inclure des informations telles que l\u2019adresse IP de votre Appareil, le type de navigateur, la version du navigateur, les pages du Service que vous visitez, la date et l\u2019heure de votre visite, le temps pass\u00e9 sur ces pages, les identifiants uniques de l\u2019appareil et d\u2019autres donn\u00e9es de diagnostic.<\/p>\n<p data-start=\"3773\" data-end=\"4103\">Lorsque vous acc\u00e9dez au Service \u00e0 partir d\u2019un appareil mobile, nous pouvons collecter automatiquement certaines informations comme le type de l\u2019appareil mobile, son identifiant unique, l\u2019adresse IP, le syst\u00e8me d\u2019exploitation mobile, le type de navigateur mobile utilis\u00e9, les identifiants uniques et d\u2019autres donn\u00e9es de diagnostic.<\/p>\n<p data-start=\"4105\" data-end=\"4269\">Nous pouvons aussi collecter les informations envoy\u00e9es par votre navigateur chaque fois que vous visitez notre Service ou que vous y acc\u00e9dez via un appareil mobile.<\/p>\n<h5 data-start=\"4271\" data-end=\"4307\"><strong data-start=\"4271\" data-end=\"4307\">Technologies de Suivi et Cookies<\/strong><\/h5>\n<p data-start=\"4309\" data-end=\"4607\">Nous utilisons des Cookies et d\u2019autres technologies de suivi pour analyser l\u2019activit\u00e9 sur notre Service et stocker certaines informations. Les technologies incluent des balises, des \u00e9tiquettes et des scripts pour collecter et suivre les informations ainsi que pour am\u00e9liorer et analyser le Service.<\/p>\n<p data-start=\"4609\" data-end=\"4642\">Les technologies peuvent inclure:<\/p>\n<p data-start=\"4644\" data-end=\"4942\">Cookies de navigation. Un cookie est un petit fichier enregistr\u00e9 sur votre Appareil. Vous pouvez configurer votre navigateur pour refuser tous les Cookies ou vous avertir lorsqu\u2019un Cookie est envoy\u00e9. Si vous refusez les Cookies, certaines parties du Service peuvent ne pas fonctionner correctement.<\/p>\n<p data-start=\"4944\" data-end=\"5208\">Balises web. Certaines sections du Service et certains de nos emails peuvent contenir de petits fichiers \u00e9lectroniques permettant par exemple de compter les utilisateurs ayant visit\u00e9 certaines pages ou ouvert un email ainsi que d\u2019autres statistiques li\u00e9es au site.<\/p>\n<p data-start=\"5210\" data-end=\"5422\">Les Cookies peuvent \u00eatre persistants ou temporaires. Les Cookies persistants restent sur votre appareil lorsque vous \u00eates hors ligne et les Cookies temporaires sont supprim\u00e9s d\u00e8s que vous fermez votre navigateur.<\/p>\n<p data-start=\"5424\" data-end=\"5483\">Nous utilisons les deux types pour les finalit\u00e9s suivantes:<\/p>\n<p data-start=\"5485\" data-end=\"5645\">Cookies essentiels. Ils sont n\u00e9cessaires pour vous fournir les services disponibles via le Site web et pour vous permettre d\u2019utiliser certaines fonctionnalit\u00e9s.<\/p>\n<p data-start=\"5647\" data-end=\"5776\">Cookies d\u2019acceptation de la politique de Cookies. Ils identifient si vous avez accept\u00e9 l\u2019utilisation des Cookies sur le Site web.<\/p>\n<p data-start=\"5778\" data-end=\"5912\">Cookies fonctionnels. Ils nous permettent de m\u00e9moriser vos choix comme vos identifiants de connexion ou vos pr\u00e9f\u00e9rences linguistiques.<\/p>\n<p data-start=\"5914\" data-end=\"5985\">Pour plus d\u2019informations veuillez consulter notre Politique de Cookies.<\/p>\n<h5 data-start=\"5987\" data-end=\"6030\"><strong data-start=\"5987\" data-end=\"6030\">Utilisation de Vos Donn\u00e9es Personnelles<\/strong><\/h5>\n<p data-start=\"6032\" data-end=\"6111\">La Soci\u00e9t\u00e9 peut utiliser vos donn\u00e9es personnelles pour les finalit\u00e9s suivantes:<\/p>\n<p data-start=\"6113\" data-end=\"6716\">Fournir et maintenir le Service et analyser son utilisation<br data-start=\"6172\" data-end=\"6175\" \/>G\u00e9rer votre Compte en tant qu\u2019utilisateur enregistr\u00e9<br data-start=\"6227\" data-end=\"6230\" \/>Ex\u00e9cuter un contrat comme un achat effectu\u00e9 via le Service<br data-start=\"6288\" data-end=\"6291\" \/>Vous contacter par email, t\u00e9l\u00e9phone, SMS ou notifications de l\u2019application<br data-start=\"6365\" data-end=\"6368\" \/>Vous fournir des informations, offres sp\u00e9ciales et actualit\u00e9s concernant des services similaires \u00e0 ceux que vous avez d\u00e9j\u00e0 utilis\u00e9s<br data-start=\"6499\" data-end=\"6502\" \/>G\u00e9rer vos demandes<br data-start=\"6520\" data-end=\"6523\" \/>R\u00e9aliser des transferts commerciaux comme des fusions ou cessions<br data-start=\"6588\" data-end=\"6591\" \/>Pour d\u2019autres objectifs comme analyse de donn\u00e9es, identification de tendances, am\u00e9lioration du Service et de votre exp\u00e9rience<\/p>\n<h5 data-start=\"6718\" data-end=\"6757\"><strong data-start=\"6718\" data-end=\"6757\">Partage de Vos Donn\u00e9es Personnelles<\/strong><\/h5>\n<p data-start=\"6759\" data-end=\"6798\">Nous pouvons partager vos informations:<\/p>\n<p data-start=\"6800\" data-end=\"7039\">Avec les Prestataires de services<br data-start=\"6833\" data-end=\"6836\" \/>Dans le cadre de transactions commerciales<br data-start=\"6878\" data-end=\"6881\" \/>Avec nos Affili\u00e9s<br data-start=\"6898\" data-end=\"6901\" \/>Avec nos partenaires commerciaux<br data-start=\"6933\" data-end=\"6936\" \/>Avec d\u2019autres utilisateurs dans les zones publiques<br data-start=\"6987\" data-end=\"6990\" \/>Avec votre consentement pour toute autre finalit\u00e9<\/p>\n<h5 data-start=\"7041\" data-end=\"7085\"><strong data-start=\"7041\" data-end=\"7085\">Conservation de Vos Donn\u00e9es Personnelles<\/strong><\/h5>\n<p data-start=\"7087\" data-end=\"7300\">La Soci\u00e9t\u00e9 conservera les Donn\u00e9es personnelles uniquement pendant la dur\u00e9e n\u00e9cessaire aux finalit\u00e9s d\u00e9crites dans cette Politique. Certaines donn\u00e9es peuvent \u00eatre conserv\u00e9es pour des raisons l\u00e9gales ou de s\u00e9curit\u00e9.<\/p>\n<p data-start=\"7302\" data-end=\"7416\">Les Donn\u00e9es d\u2019utilisation sont conserv\u00e9es pour une p\u00e9riode plus courte sauf si la loi exige une dur\u00e9e plus longue.<\/p>\n<h5 data-start=\"7418\" data-end=\"7459\"><strong data-start=\"7418\" data-end=\"7459\">Transfert de Vos Donn\u00e9es Personnelles<\/strong><\/h5>\n<p data-start=\"7461\" data-end=\"7645\">Vos donn\u00e9es peuvent \u00eatre transf\u00e9r\u00e9es et stock\u00e9es dans des pays ou juridictions dont la l\u00e9gislation diff\u00e8re de celle de votre r\u00e9gion. En utilisant le Service vous acceptez ce transfert.<\/p>\n<p data-start=\"7647\" data-end=\"7749\">Nous prenons toutes les mesures raisonnables pour prot\u00e9ger vos donn\u00e9es conform\u00e9ment \u00e0 cette Politique.<\/p>\n<h5 data-start=\"7751\" data-end=\"7794\"><strong data-start=\"7751\" data-end=\"7794\">Suppression de Vos Donn\u00e9es Personnelles<\/strong><\/h5>\n<p data-start=\"7796\" data-end=\"7874\">Vous pouvez demander la suppression de vos donn\u00e9es personnelles \u00e0 tout moment.<\/p>\n<p data-start=\"7876\" data-end=\"7988\">Vous pouvez mettre \u00e0 jour ou supprimer vos informations en vous connectant \u00e0 votre Compte ou en nous contactant.<\/p>\n<p data-start=\"7990\" data-end=\"8071\">Certaines donn\u00e9es devront \u00eatre conserv\u00e9es pour respecter nos obligations l\u00e9gales.<\/p>\n<h5 data-start=\"8073\" data-end=\"8103\"><strong data-start=\"8073\" data-end=\"8103\">Divulgation de Vos Donn\u00e9es<\/strong><\/h5>\n<p data-start=\"8105\" data-end=\"8246\">Transactions commerciales<br data-start=\"8130\" data-end=\"8133\" \/>Exigences l\u00e9gales et demandes des autorit\u00e9s<br data-start=\"8176\" data-end=\"8179\" \/>Protection des droits et s\u00e9curit\u00e9 du public<br data-start=\"8222\" data-end=\"8225\" \/>Responsabilit\u00e9 l\u00e9gale<\/p>\n<h5 data-start=\"8248\" data-end=\"8288\"><strong data-start=\"8248\" data-end=\"8288\">S\u00e9curit\u00e9 de Vos Donn\u00e9es Personnelles<\/strong><\/h5>\n<p data-start=\"8290\" data-end=\"8451\">Nous utilisons des moyens commercialement raisonnables pour prot\u00e9ger vos donn\u00e9es. Cependant aucun syst\u00e8me de transmission ou stockage n\u2019est enti\u00e8rement s\u00e9curis\u00e9.<\/p>\n<h5 data-start=\"8453\" data-end=\"8484\"><strong data-start=\"8453\" data-end=\"8484\">Confidentialit\u00e9 des Enfants<\/strong><\/h5>\n<p data-start=\"8486\" data-end=\"8691\">Notre Service ne s\u2019adresse pas aux enfants de moins de treize ans. Nous ne collectons pas sciemment de donn\u00e9es personnelles aupr\u00e8s d\u2019eux. Toute donn\u00e9e identifi\u00e9e comme provenant d\u2019un enfant sera supprim\u00e9e.<\/p>\n<h5 data-start=\"8693\" data-end=\"8722\"><strong data-start=\"8693\" data-end=\"8722\">Liens vers d\u2019Autres Sites<\/strong><\/h5>\n<p data-start=\"8724\" data-end=\"8855\">Notre Service peut contenir des liens vers des sites tiers. Nous ne sommes pas responsables de leur contenu ou de leurs politiques.<\/p>\n<p data-start=\"8857\" data-end=\"8957\">Nous vous recommandons de consulter la Politique de Confidentialit\u00e9 de chaque site que vous visitez.<\/p>\n<h5 data-start=\"8959\" data-end=\"9014\"><strong data-start=\"8959\" data-end=\"9014\">Modifications de cette Politique de Confidentialit\u00e9<\/strong><\/h5>\n<p data-start=\"9016\" data-end=\"9160\">Nous pouvons mettre \u00e0 jour cette Politique. Toute modification sera publi\u00e9e sur cette page et l\u2019indication Derni\u00e8re mise \u00e0 jour sera actualis\u00e9e.<\/p>\n<p data-start=\"9162\" data-end=\"9223\">Nous vous invitons \u00e0 consulter r\u00e9guli\u00e8rement cette politique.<\/p>\n<h5 data-start=\"9225\" data-end=\"9243\"><strong data-start=\"9225\" data-end=\"9243\">Nous Contacter<\/strong><\/h5>\n<p data-start=\"9245\" data-end=\"9338\">Pour toute question concernant cette Politique de Confidentialit\u00e9 vous pouvez nous contacter:<\/p>\n<p data-start=\"9340\" data-end=\"9367\">Par email: <a class=\"decorated-link cursor-pointer\" rel=\"noopener\" data-start=\"9351\" data-end=\"9367\">info@lgmural.com<\/a><\/p>\n","protected":false},"excerpt":{"rendered":"<p>Derni\u00e8re mise \u00e0 jour: 30 octobre 2025 La pr\u00e9sente Politique de Confidentialit\u00e9 d\u00e9crit nos politiques et proc\u00e9dures concernant la collecte, l\u2019utilisation et la divulgation de vos informations lorsque vous utilisez le Service. Elle vous informe \u00e9galement de vos droits en mati\u00e8re de confidentialit\u00e9 et de la mani\u00e8re dont la loi vous prot\u00e8ge. Nous utilisons vos [&hellip;]<\/p>\n","protected":false},"author":1,"featured_media":0,"parent":0,"menu_order":0,"comment_status":"closed","ping_status":"closed","template":"","meta":{"footnotes":""},"class_list":["post-8284","page","type-page","status-publish","hentry"],"yoast_head":"<!-- This site is optimized with the Yoast SEO plugin v26.6 - https:\/\/yoast.com\/wordpress\/plugins\/seo\/ -->\n<title>Politique de confidentialit\u00e9 \u2013 Canada | LG Mural<\/title>\n<meta name=\"description\" content=\"Lisez la politique de confidentialit\u00e9 de LG Mural pour le Canada. D\u00e9couvrez comment nous prot\u00e9geons vos informations lors de l\u2019utilisation de nos lits et gyms muraux.\" \/>\n<meta name=\"robots\" content=\"index, follow, max-snippet:-1, max-image-preview:large, max-video-preview:-1\" \/>\n<link rel=\"canonical\" href=\"https:\/\/lgmural.com\/fr\/politique-de-confidentialite\/\" \/>\n<meta property=\"og:locale\" content=\"fr_CA\" \/>\n<meta property=\"og:type\" content=\"article\" \/>\n<meta property=\"og:title\" content=\"Politique de confidentialit\u00e9 \u2013 Canada | LG Mural\" \/>\n<meta property=\"og:description\" content=\"Lisez la politique de confidentialit\u00e9 de LG Mural pour le Canada. D\u00e9couvrez comment nous prot\u00e9geons vos informations lors de l\u2019utilisation de nos lits et gyms muraux.\" \/>\n<meta property=\"og:url\" content=\"https:\/\/lgmural.com\/fr\/politique-de-confidentialite\/\" \/>\n<meta property=\"og:site_name\" content=\"LG Mural\" \/>\n<meta property=\"article:modified_time\" content=\"2026-03-12T11:36:33+00:00\" \/>\n<meta name=\"twitter:card\" content=\"summary_large_image\" \/>\n<meta name=\"twitter:label1\" content=\"Estimation du temps de lecture\" \/>\n\t<meta name=\"twitter:data1\" content=\"6 minutes\" \/>\n<script type=\"application\/ld+json\" class=\"yoast-schema-graph\">{\"@context\":\"https:\/\/schema.org\",\"@graph\":[{\"@type\":\"WebPage\",\"@id\":\"https:\/\/lgmural.com\/fr\/politique-de-confidentialite\/\",\"url\":\"https:\/\/lgmural.com\/fr\/politique-de-confidentialite\/\",\"name\":\"Politique de confidentialit\u00e9 \u2013 Canada | LG Mural\",\"isPartOf\":{\"@id\":\"https:\/\/lgmural.com\/#website\"},\"datePublished\":\"2022-02-08T04:38:55+00:00\",\"dateModified\":\"2026-03-12T11:36:33+00:00\",\"description\":\"Lisez la politique de confidentialit\u00e9 de LG Mural pour le Canada. D\u00e9couvrez comment nous prot\u00e9geons vos informations lors de l\u2019utilisation de nos lits et gyms muraux.\",\"breadcrumb\":{\"@id\":\"https:\/\/lgmural.com\/fr\/politique-de-confidentialite\/#breadcrumb\"},\"inLanguage\":\"fr-CA\",\"potentialAction\":[{\"@type\":\"ReadAction\",\"target\":[\"https:\/\/lgmural.com\/fr\/politique-de-confidentialite\/\"]}]},{\"@type\":\"BreadcrumbList\",\"@id\":\"https:\/\/lgmural.com\/fr\/politique-de-confidentialite\/#breadcrumb\",\"itemListElement\":[{\"@type\":\"ListItem\",\"position\":1,\"name\":\"Home\",\"item\":\"https:\/\/lgmural.com\/fr\/\"},{\"@type\":\"ListItem\",\"position\":2,\"name\":\"Politique de Confidentialit\u00e9\"}]},{\"@type\":\"WebSite\",\"@id\":\"https:\/\/lgmural.com\/#website\",\"url\":\"https:\/\/lgmural.com\/\",\"name\":\"LG Mural\",\"description\":\"Your Gym at Home\",\"publisher\":{\"@id\":\"https:\/\/lgmural.com\/#organization\"},\"potentialAction\":[{\"@type\":\"SearchAction\",\"target\":{\"@type\":\"EntryPoint\",\"urlTemplate\":\"https:\/\/lgmural.com\/?s={search_term_string}\"},\"query-input\":{\"@type\":\"PropertyValueSpecification\",\"valueRequired\":true,\"valueName\":\"search_term_string\"}}],\"inLanguage\":\"fr-CA\"},{\"@type\":\"Organization\",\"@id\":\"https:\/\/lgmural.com\/#organization\",\"name\":\"LG Mural\",\"url\":\"https:\/\/lgmural.com\/\",\"logo\":{\"@type\":\"ImageObject\",\"inLanguage\":\"fr-CA\",\"@id\":\"https:\/\/lgmural.com\/#\/schema\/logo\/image\/\",\"url\":\"https:\/\/lgmural.com\/wp-content\/uploads\/2025\/10\/logo-dark.png\",\"contentUrl\":\"https:\/\/lgmural.com\/wp-content\/uploads\/2025\/10\/logo-dark.png\",\"width\":925,\"height\":260,\"caption\":\"LG Mural\"},\"image\":{\"@id\":\"https:\/\/lgmural.com\/#\/schema\/logo\/image\/\"}}]}<\/script>\n<!-- \/ Yoast SEO plugin. -->","yoast_head_json":{"title":"Politique de confidentialit\u00e9 \u2013 Canada | LG Mural","description":"Lisez la politique de confidentialit\u00e9 de LG Mural pour le Canada. D\u00e9couvrez comment nous prot\u00e9geons vos informations lors de l\u2019utilisation de nos lits et gyms muraux.","robots":{"index":"index","follow":"follow","max-snippet":"max-snippet:-1","max-image-preview":"max-image-preview:large","max-video-preview":"max-video-preview:-1"},"canonical":"https:\/\/lgmural.com\/fr\/politique-de-confidentialite\/","og_locale":"fr_CA","og_type":"article","og_title":"Politique de confidentialit\u00e9 \u2013 Canada | LG Mural","og_description":"Lisez la politique de confidentialit\u00e9 de LG Mural pour le Canada. D\u00e9couvrez comment nous prot\u00e9geons vos informations lors de l\u2019utilisation de nos lits et gyms muraux.","og_url":"https:\/\/lgmural.com\/fr\/politique-de-confidentialite\/","og_site_name":"LG Mural","article_modified_time":"2026-03-12T11:36:33+00:00","twitter_card":"summary_large_image","twitter_misc":{"Estimation du temps de lecture":"6 minutes"},"schema":{"@context":"https:\/\/schema.org","@graph":[{"@type":"WebPage","@id":"https:\/\/lgmural.com\/fr\/politique-de-confidentialite\/","url":"https:\/\/lgmural.com\/fr\/politique-de-confidentialite\/","name":"Politique de confidentialit\u00e9 \u2013 Canada | LG Mural","isPartOf":{"@id":"https:\/\/lgmural.com\/#website"},"datePublished":"2022-02-08T04:38:55+00:00","dateModified":"2026-03-12T11:36:33+00:00","description":"Lisez la politique de confidentialit\u00e9 de LG Mural pour le Canada. D\u00e9couvrez comment nous prot\u00e9geons vos informations lors de l\u2019utilisation de nos lits et gyms muraux.","breadcrumb":{"@id":"https:\/\/lgmural.com\/fr\/politique-de-confidentialite\/#breadcrumb"},"inLanguage":"fr-CA","potentialAction":[{"@type":"ReadAction","target":["https:\/\/lgmural.com\/fr\/politique-de-confidentialite\/"]}]},{"@type":"BreadcrumbList","@id":"https:\/\/lgmural.com\/fr\/politique-de-confidentialite\/#breadcrumb","itemListElement":[{"@type":"ListItem","position":1,"name":"Home","item":"https:\/\/lgmural.com\/fr\/"},{"@type":"ListItem","position":2,"name":"Politique de Confidentialit\u00e9"}]},{"@type":"WebSite","@id":"https:\/\/lgmural.com\/#website","url":"https:\/\/lgmural.com\/","name":"LG Mural","description":"Your Gym at Home","publisher":{"@id":"https:\/\/lgmural.com\/#organization"},"potentialAction":[{"@type":"SearchAction","target":{"@type":"EntryPoint","urlTemplate":"https:\/\/lgmural.com\/?s={search_term_string}"},"query-input":{"@type":"PropertyValueSpecification","valueRequired":true,"valueName":"search_term_string"}}],"inLanguage":"fr-CA"},{"@type":"Organization","@id":"https:\/\/lgmural.com\/#organization","name":"LG Mural","url":"https:\/\/lgmural.com\/","logo":{"@type":"ImageObject","inLanguage":"fr-CA","@id":"https:\/\/lgmural.com\/#\/schema\/logo\/image\/","url":"https:\/\/lgmural.com\/wp-content\/uploads\/2025\/10\/logo-dark.png","contentUrl":"https:\/\/lgmural.com\/wp-content\/uploads\/2025\/10\/logo-dark.png","width":925,"height":260,"caption":"LG Mural"},"image":{"@id":"https:\/\/lgmural.com\/#\/schema\/logo\/image\/"}}]}},"_links":{"self":[{"href":"https:\/\/lgmural.com\/fr\/wp-json\/wp\/v2\/pages\/8284","targetHints":{"allow":["GET"]}}],"collection":[{"href":"https:\/\/lgmural.com\/fr\/wp-json\/wp\/v2\/pages"}],"about":[{"href":"https:\/\/lgmural.com\/fr\/wp-json\/wp\/v2\/types\/page"}],"author":[{"embeddable":true,"href":"https:\/\/lgmural.com\/fr\/wp-json\/wp\/v2\/users\/1"}],"replies":[{"embeddable":true,"href":"https:\/\/lgmural.com\/fr\/wp-json\/wp\/v2\/comments?post=8284"}],"version-history":[{"count":2,"href":"https:\/\/lgmural.com\/fr\/wp-json\/wp\/v2\/pages\/8284\/revisions"}],"predecessor-version":[{"id":8288,"href":"https:\/\/lgmural.com\/fr\/wp-json\/wp\/v2\/pages\/8284\/revisions\/8288"}],"wp:attachment":[{"href":"https:\/\/lgmural.com\/fr\/wp-json\/wp\/v2\/media?parent=8284"}],"curies":[{"name":"wp","href":"https:\/\/api.w.org\/{rel}","templated":true}]}}