{"id":8278,"date":"2025-10-30T06:21:02","date_gmt":"2025-10-30T06:21:02","guid":{"rendered":"https:\/\/lgmural.com\/?page_id=8278"},"modified":"2026-03-12T11:37:11","modified_gmt":"2026-03-12T11:37:11","slug":"frequently-asked-questions","status":"publish","type":"page","link":"https:\/\/lgmural.com\/fr\/frequently-asked-questions\/","title":{"rendered":"Questions Fr\u00e9quemment Pos\u00e9es"},"content":{"rendered":"\t\t<div data-elementor-type=\"wp-page\" data-elementor-id=\"8278\" class=\"elementor elementor-8278 elementor-7377\" data-elementor-post-type=\"page\">\n\t\t\t\t\t\t<section class=\"elementor-section elementor-top-section elementor-element elementor-element-36dfe10 elementor-section-boxed elementor-section-height-default elementor-section-height-default rt-parallax-bg-no\" data-id=\"36dfe10\" data-element_type=\"section\">\n\t\t\t\t\t\t<div class=\"elementor-container elementor-column-gap-default\">\n\t\t\t\t\t<div class=\"elementor-column elementor-col-100 elementor-top-column elementor-element elementor-element-aa856a8\" data-id=\"aa856a8\" data-element_type=\"column\">\n\t\t\t<div class=\"elementor-widget-wrap elementor-element-populated\">\n\t\t\t\t\t\t<section class=\"elementor-section elementor-inner-section elementor-element elementor-element-f67d320 elementor-section-boxed elementor-section-height-default elementor-section-height-default rt-parallax-bg-no\" data-id=\"f67d320\" data-element_type=\"section\">\n\t\t\t\t\t\t<div class=\"elementor-container elementor-column-gap-default\">\n\t\t\t\t\t<div class=\"elementor-column elementor-col-100 elementor-inner-column elementor-element elementor-element-c1985d0\" data-id=\"c1985d0\" data-element_type=\"column\">\n\t\t\t<div class=\"elementor-widget-wrap elementor-element-populated\">\n\t\t\t\t\t\t<div class=\"elementor-element elementor-element-7207488 elementor-widget elementor-widget-rt-text-with-button\" data-id=\"7207488\" data-element_type=\"widget\" data-widget_type=\"rt-text-with-button.default\">\n\t\t\t\t<div class=\"elementor-widget-container\">\n\t\t\t\t\t<div class=\"title-text-button  text-style1\">\n\t\t\t<div class=\"subtitle\">LG MURAL<\/div>\n\t\t\t\t<h2 class=\"section-title\">FAQ<\/h2>\t<div class=\"section-content\">Trouvez des r\u00e9ponses rapides aux questions courantes ci-dessous.<\/div>\n\t<\/div>\t\t\t\t<\/div>\n\t\t\t\t<\/div>\n\t\t\t\t<div class=\"elementor-element elementor-element-894cd87 elementor-widget elementor-widget-rtsb-shopbuilder-faq\" data-id=\"894cd87\" data-element_type=\"widget\" data-widget_type=\"rtsb-shopbuilder-faq.default\">\n\t\t\t\t<div class=\"elementor-widget-container\">\n\t\t\t\t\t<div id=\"rtsb-container-894cd87\" class=\"rtsb-elementor-container rtsb-pos-r rtsb-shopbuilder-faq\" data-layout=\"rtsb-sb-faq-layout4\"><div class=\"rtsb-row rtsb-content-loader rtsb-sb-faq-layout4\"><div class=\"rtsb-col-grid\"><div class=\"rtsb-faq-wrapper rtsb-sb-accordion-wrapper\">\n\t\t<div class=\"rtsb-accordion-list sb-accordion\" data-accordionType=\"sb-accordion\">\n\t\t\t\t\t<div class=\"rtsb-accordion-item rtsb-expand-tab rtsb-faq-item\">\n\t\t\t\t<div class=\"rtsb-accordion-header left\">\n\t\t\t\t\t<div class=\"rtsb-accordion-title-wrap\">\n\t\t\t\t\t\t\t\t\t\t\t\t<h2 class=\"rtsb-accordion-title rtsb-faq-title\">\n\t\t\t\t\t\t\tQu'est-ce qui distingue LG Mural?\t\t\t\t\t<\/h2>\n\t\t\t\t\t\t\t\t\t<\/div>\n\t\t\t\t\t\t\t\t\t<div class=\"rtsb-accordion-icon-wrap\">\n\t\t\t\t\t\t\t\t\t\t\t\t\t<span class=\"rtsb-accordion-icon rtsb-expand-icon\">\n\t\t\t\t\t\t\t\t<i aria-hidden=\"true\" class=\"fas fa-chevron-down\"><\/i>\t\t\t\t\t\t\t<\/span>\n\t\t\t\t\t\t\t\t\t\t\t\t\t\t\t\t\t\t\t<span class=\"rtsb-accordion-icon rtsb-tab-icon\">\n\t\t\t\t\t\t\t\t<i aria-hidden=\"true\" class=\"fas fa-chevron-up\"><\/i>\t\t\t\t\t\t\t<\/span>\n\t\t\t\t\t\t\t\t\t\t\t<\/div>\n\t\t\t\t\t\t\t<\/div>\n\t\t\t\t\t\t\t<div class=\"rtsb-accordion-content\">\n\t\t\t\t\t<div class=\"rtsb-widget\">\n\t\t\t\t\t\t<div class=\"rtsb-content \">\n\t\t\t\t\t\t\tC'est un syst\u00e8me mural de qualit\u00e9 meuble qui devient un v\u00e9ritable gym (support \u00e0 squat, banc, poulies) sans sacrifier de pi\u00e8ce \u2014 pas d'appareils pliables bon march\u00e9, aucun compromis sur la solidit\u00e9.\t\t\t\t\t\t<\/div>\n\t\t\t\t\t<\/div>\n\t\t\t\t<\/div>\n\t\t\t\t\t<\/div>\n\t\t\t\t\t\t<div class=\"rtsb-accordion-item  rtsb-faq-item\">\n\t\t\t\t<div class=\"rtsb-accordion-header left\">\n\t\t\t\t\t<div class=\"rtsb-accordion-title-wrap\">\n\t\t\t\t\t\t\t\t\t\t\t\t<h2 class=\"rtsb-accordion-title rtsb-faq-title\">\n\t\t\t\t\t\t\tDe combien d'espace ai-je besoin?\t\t\t\t\t<\/h2>\n\t\t\t\t\t\t\t\t\t<\/div>\n\t\t\t\t\t\t\t\t\t<div class=\"rtsb-accordion-icon-wrap\">\n\t\t\t\t\t\t\t\t\t\t\t\t\t<span class=\"rtsb-accordion-icon rtsb-expand-icon\">\n\t\t\t\t\t\t\t\t<i aria-hidden=\"true\" class=\"fas fa-chevron-down\"><\/i>\t\t\t\t\t\t\t<\/span>\n\t\t\t\t\t\t\t\t\t\t\t\t\t\t\t\t\t\t\t<span class=\"rtsb-accordion-icon rtsb-tab-icon\">\n\t\t\t\t\t\t\t\t<i aria-hidden=\"true\" class=\"fas fa-chevron-up\"><\/i>\t\t\t\t\t\t\t<\/span>\n\t\t\t\t\t\t\t\t\t\t\t<\/div>\n\t\t\t\t\t\t\t<\/div>\n\t\t\t\t\t\t\t<div class=\"rtsb-accordion-content\">\n\t\t\t\t\t<div class=\"rtsb-widget\">\n\t\t\t\t\t\t<div class=\"rtsb-content \">\n\t\t\t\t\t\t\tUne largeur de mur minimale de 2.6 m, une hauteur de plafond de 2.5 m et une profondeur d\u00e9gag\u00e9e au sol de 2.2 m sont requises pour le mode entra\u00eenement. Nous v\u00e9rifierons les dimensions lors d'une \u00e9valuation vid\u00e9o gratuite.\t\t\t\t\t\t<\/div>\n\t\t\t\t\t<\/div>\n\t\t\t\t<\/div>\n\t\t\t\t\t<\/div>\n\t\t\t\t\t\t<div class=\"rtsb-accordion-item  rtsb-faq-item\">\n\t\t\t\t<div class=\"rtsb-accordion-header left\">\n\t\t\t\t\t<div class=\"rtsb-accordion-title-wrap\">\n\t\t\t\t\t\t\t\t\t\t\t\t<h2 class=\"rtsb-accordion-title rtsb-faq-title\">\n\t\t\t\t\t\t\tQu'est-ce qui est inclus?\t\t\t\t\t<\/h2>\n\t\t\t\t\t\t\t\t\t<\/div>\n\t\t\t\t\t\t\t\t\t<div class=\"rtsb-accordion-icon-wrap\">\n\t\t\t\t\t\t\t\t\t\t\t\t\t<span class=\"rtsb-accordion-icon rtsb-expand-icon\">\n\t\t\t\t\t\t\t\t<i aria-hidden=\"true\" class=\"fas fa-chevron-down\"><\/i>\t\t\t\t\t\t\t<\/span>\n\t\t\t\t\t\t\t\t\t\t\t\t\t\t\t\t\t\t\t<span class=\"rtsb-accordion-icon rtsb-tab-icon\">\n\t\t\t\t\t\t\t\t<i aria-hidden=\"true\" class=\"fas fa-chevron-up\"><\/i>\t\t\t\t\t\t\t<\/span>\n\t\t\t\t\t\t\t\t\t\t\t<\/div>\n\t\t\t\t\t\t\t<\/div>\n\t\t\t\t\t\t\t<div class=\"rtsb-accordion-content\">\n\t\t\t\t\t<div class=\"rtsb-widget\">\n\t\t\t\t\t\t<div class=\"rtsb-content \">\n\t\t\t\t\t\t\tL'unit\u00e9 centrale, le support vertical, les goupilles de s\u00e9curit\u00e9, les crochets en J (J-cups), le banc, la quincaillerie d'ancrage et l'installation. Les mises \u00e0 niveau optionnelles comprennent une station de c\u00e2bles, un miroir intelligent, du rangement et des finitions.\t\t\t\t\t\t<\/div>\n\t\t\t\t\t<\/div>\n\t\t\t\t<\/div>\n\t\t\t\t\t<\/div>\n\t\t\t\t\t\t<div class=\"rtsb-accordion-item  rtsb-faq-item\">\n\t\t\t\t<div class=\"rtsb-accordion-header left\">\n\t\t\t\t\t<div class=\"rtsb-accordion-title-wrap\">\n\t\t\t\t\t\t\t\t\t\t\t\t<h2 class=\"rtsb-accordion-title rtsb-faq-title\">\n\t\t\t\t\t\t\tO\u00f9 livrez-vous?\t\t\t\t\t<\/h2>\n\t\t\t\t\t\t\t\t\t<\/div>\n\t\t\t\t\t\t\t\t\t<div class=\"rtsb-accordion-icon-wrap\">\n\t\t\t\t\t\t\t\t\t\t\t\t\t<span class=\"rtsb-accordion-icon rtsb-expand-icon\">\n\t\t\t\t\t\t\t\t<i aria-hidden=\"true\" class=\"fas fa-chevron-down\"><\/i>\t\t\t\t\t\t\t<\/span>\n\t\t\t\t\t\t\t\t\t\t\t\t\t\t\t\t\t\t\t<span class=\"rtsb-accordion-icon rtsb-tab-icon\">\n\t\t\t\t\t\t\t\t<i aria-hidden=\"true\" class=\"fas fa-chevron-up\"><\/i>\t\t\t\t\t\t\t<\/span>\n\t\t\t\t\t\t\t\t\t\t\t<\/div>\n\t\t\t\t\t\t\t<\/div>\n\t\t\t\t\t\t\t<div class=\"rtsb-accordion-content\">\n\t\t\t\t\t<div class=\"rtsb-widget\">\n\t\t\t\t\t\t<div class=\"rtsb-content \">\n\t\t\t\t\t\t\tActuellement, partout au Canada et au Moyen-Orient (Kowe\u00eft, Oman, Liban). L'exp\u00e9dition mondiale est disponible sur demande.\t\t\t\t\t\t<\/div>\n\t\t\t\t\t<\/div>\n\t\t\t\t<\/div>\n\t\t\t\t\t<\/div>\n\t\t\t\t\t\t<div class=\"rtsb-accordion-item  rtsb-faq-item\">\n\t\t\t\t<div class=\"rtsb-accordion-header left\">\n\t\t\t\t\t<div class=\"rtsb-accordion-title-wrap\">\n\t\t\t\t\t\t\t\t\t\t\t\t<h2 class=\"rtsb-accordion-title rtsb-faq-title\">\n\t\t\t\t\t\t\tD\u00e9lai de livraison et garantie?\t\t\t\t\t<\/h2>\n\t\t\t\t\t\t\t\t\t<\/div>\n\t\t\t\t\t\t\t\t\t<div class=\"rtsb-accordion-icon-wrap\">\n\t\t\t\t\t\t\t\t\t\t\t\t\t<span class=\"rtsb-accordion-icon rtsb-expand-icon\">\n\t\t\t\t\t\t\t\t<i aria-hidden=\"true\" class=\"fas fa-chevron-down\"><\/i>\t\t\t\t\t\t\t<\/span>\n\t\t\t\t\t\t\t\t\t\t\t\t\t\t\t\t\t\t\t<span class=\"rtsb-accordion-icon rtsb-tab-icon\">\n\t\t\t\t\t\t\t\t<i aria-hidden=\"true\" class=\"fas fa-chevron-up\"><\/i>\t\t\t\t\t\t\t<\/span>\n\t\t\t\t\t\t\t\t\t\t\t<\/div>\n\t\t\t\t\t\t\t<\/div>\n\t\t\t\t\t\t\t<div class=\"rtsb-accordion-content\">\n\t\t\t\t\t<div class=\"rtsb-widget\">\n\t\t\t\t\t\t<div class=\"rtsb-content \">\n\t\t\t\t\t\t\tLe d\u00e9lai de livraison typique est de 6 \u00e0 8 semaines. Garantie du fabricant de 2 ans sur la structure et la quincaillerie; 1 an sur les finitions et les pi\u00e8ces mobiles.\t\t\t\t\t\t<\/div>\n\t\t\t\t\t<\/div>\n\t\t\t\t<\/div>\n\t\t\t\t\t<\/div>\n\t\t\t\t<\/div>\n\t\t<\/div>\n<\/div><!-- .rtsb-col-grid --><\/div><!-- .rtsb-row --><\/div><!-- .rtsb-container -->\t\t\t\t<\/div>\n\t\t\t\t<\/div>\n\t\t\t\t\t<\/div>\n\t\t<\/div>\n\t\t\t\t\t<\/div>\n\t\t<\/section>\n\t\t\t\t\t<\/div>\n\t\t<\/div>\n\t\t\t\t\t<\/div>\n\t\t<\/section>\n\t\t\t\t<\/div>\n\t\t","protected":false},"excerpt":{"rendered":"<p>LG MURAL FAQ Trouvez des r\u00e9ponses rapides aux questions courantes ci-dessous. Qu&rsquo;est-ce qui distingue LG Mural? C&rsquo;est un syst\u00e8me mural de qualit\u00e9 meuble qui devient un v\u00e9ritable gym (support \u00e0 squat, banc, poulies) sans sacrifier de pi\u00e8ce \u2014 pas d&rsquo;appareils pliables bon march\u00e9, aucun compromis sur la solidit\u00e9. De combien d&rsquo;espace ai-je besoin? Une largeur [&hellip;]<\/p>\n","protected":false},"author":1,"featured_media":0,"parent":0,"menu_order":0,"comment_status":"closed","ping_status":"closed","template":"","meta":{"footnotes":""},"class_list":["post-8278","page","type-page","status-publish","hentry"],"yoast_head":"<!-- This site is optimized with the Yoast SEO plugin v26.6 - https:\/\/yoast.com\/wordpress\/plugins\/seo\/ -->\n<title>FAQ \u2013 Lits et gyms muraux au Canada | LG Mural<\/title>\n<meta name=\"description\" content=\"Trouvez toutes les r\u00e9ponses sur nos lits et gyms muraux pliables au Canada. Solutions gain de place pour maisons, condos et appartements.\" \/>\n<meta name=\"robots\" content=\"index, follow, max-snippet:-1, max-image-preview:large, max-video-preview:-1\" \/>\n<link rel=\"canonical\" href=\"https:\/\/lgmural.com\/fr\/frequently-asked-questions\/\" \/>\n<meta property=\"og:locale\" content=\"fr_CA\" \/>\n<meta property=\"og:type\" content=\"article\" \/>\n<meta property=\"og:title\" content=\"FAQ \u2013 Lits et gyms muraux au Canada | LG Mural\" \/>\n<meta property=\"og:description\" content=\"Trouvez toutes les r\u00e9ponses sur nos lits et gyms muraux pliables au Canada. Solutions gain de place pour maisons, condos et appartements.\" \/>\n<meta property=\"og:url\" content=\"https:\/\/lgmural.com\/fr\/frequently-asked-questions\/\" \/>\n<meta property=\"og:site_name\" content=\"LG Mural\" \/>\n<meta property=\"article:modified_time\" content=\"2026-03-12T11:37:11+00:00\" \/>\n<meta name=\"twitter:card\" content=\"summary_large_image\" \/>\n<meta name=\"twitter:label1\" content=\"Estimation du temps de lecture\" \/>\n\t<meta name=\"twitter:data1\" content=\"1 minute\" \/>\n<script type=\"application\/ld+json\" class=\"yoast-schema-graph\">{\"@context\":\"https:\/\/schema.org\",\"@graph\":[{\"@type\":\"WebPage\",\"@id\":\"https:\/\/lgmural.com\/fr\/frequently-asked-questions\/\",\"url\":\"https:\/\/lgmural.com\/fr\/frequently-asked-questions\/\",\"name\":\"FAQ \u2013 Lits et gyms muraux au Canada | LG Mural\",\"isPartOf\":{\"@id\":\"https:\/\/lgmural.com\/#website\"},\"datePublished\":\"2025-10-30T06:21:02+00:00\",\"dateModified\":\"2026-03-12T11:37:11+00:00\",\"description\":\"Trouvez toutes les r\u00e9ponses sur nos lits et gyms muraux pliables au Canada. Solutions gain de place pour maisons, condos et appartements.\",\"breadcrumb\":{\"@id\":\"https:\/\/lgmural.com\/fr\/frequently-asked-questions\/#breadcrumb\"},\"inLanguage\":\"fr-CA\",\"potentialAction\":[{\"@type\":\"ReadAction\",\"target\":[\"https:\/\/lgmural.com\/fr\/frequently-asked-questions\/\"]}]},{\"@type\":\"BreadcrumbList\",\"@id\":\"https:\/\/lgmural.com\/fr\/frequently-asked-questions\/#breadcrumb\",\"itemListElement\":[{\"@type\":\"ListItem\",\"position\":1,\"name\":\"Home\",\"item\":\"https:\/\/lgmural.com\/fr\/\"},{\"@type\":\"ListItem\",\"position\":2,\"name\":\"Questions Fr\u00e9quemment Pos\u00e9es\"}]},{\"@type\":\"WebSite\",\"@id\":\"https:\/\/lgmural.com\/#website\",\"url\":\"https:\/\/lgmural.com\/\",\"name\":\"LG Mural\",\"description\":\"Your Gym at Home\",\"publisher\":{\"@id\":\"https:\/\/lgmural.com\/#organization\"},\"potentialAction\":[{\"@type\":\"SearchAction\",\"target\":{\"@type\":\"EntryPoint\",\"urlTemplate\":\"https:\/\/lgmural.com\/?s={search_term_string}\"},\"query-input\":{\"@type\":\"PropertyValueSpecification\",\"valueRequired\":true,\"valueName\":\"search_term_string\"}}],\"inLanguage\":\"fr-CA\"},{\"@type\":\"Organization\",\"@id\":\"https:\/\/lgmural.com\/#organization\",\"name\":\"LG Mural\",\"url\":\"https:\/\/lgmural.com\/\",\"logo\":{\"@type\":\"ImageObject\",\"inLanguage\":\"fr-CA\",\"@id\":\"https:\/\/lgmural.com\/#\/schema\/logo\/image\/\",\"url\":\"https:\/\/lgmural.com\/wp-content\/uploads\/2025\/10\/logo-dark.png\",\"contentUrl\":\"https:\/\/lgmural.com\/wp-content\/uploads\/2025\/10\/logo-dark.png\",\"width\":925,\"height\":260,\"caption\":\"LG Mural\"},\"image\":{\"@id\":\"https:\/\/lgmural.com\/#\/schema\/logo\/image\/\"}}]}<\/script>\n<!-- \/ Yoast SEO plugin. -->","yoast_head_json":{"title":"FAQ \u2013 Lits et gyms muraux au Canada | LG Mural","description":"Trouvez toutes les r\u00e9ponses sur nos lits et gyms muraux pliables au Canada. Solutions gain de place pour maisons, condos et appartements.","robots":{"index":"index","follow":"follow","max-snippet":"max-snippet:-1","max-image-preview":"max-image-preview:large","max-video-preview":"max-video-preview:-1"},"canonical":"https:\/\/lgmural.com\/fr\/frequently-asked-questions\/","og_locale":"fr_CA","og_type":"article","og_title":"FAQ \u2013 Lits et gyms muraux au Canada | LG Mural","og_description":"Trouvez toutes les r\u00e9ponses sur nos lits et gyms muraux pliables au Canada. Solutions gain de place pour maisons, condos et appartements.","og_url":"https:\/\/lgmural.com\/fr\/frequently-asked-questions\/","og_site_name":"LG Mural","article_modified_time":"2026-03-12T11:37:11+00:00","twitter_card":"summary_large_image","twitter_misc":{"Estimation du temps de lecture":"1 minute"},"schema":{"@context":"https:\/\/schema.org","@graph":[{"@type":"WebPage","@id":"https:\/\/lgmural.com\/fr\/frequently-asked-questions\/","url":"https:\/\/lgmural.com\/fr\/frequently-asked-questions\/","name":"FAQ \u2013 Lits et gyms muraux au Canada | LG Mural","isPartOf":{"@id":"https:\/\/lgmural.com\/#website"},"datePublished":"2025-10-30T06:21:02+00:00","dateModified":"2026-03-12T11:37:11+00:00","description":"Trouvez toutes les r\u00e9ponses sur nos lits et gyms muraux pliables au Canada. Solutions gain de place pour maisons, condos et appartements.","breadcrumb":{"@id":"https:\/\/lgmural.com\/fr\/frequently-asked-questions\/#breadcrumb"},"inLanguage":"fr-CA","potentialAction":[{"@type":"ReadAction","target":["https:\/\/lgmural.com\/fr\/frequently-asked-questions\/"]}]},{"@type":"BreadcrumbList","@id":"https:\/\/lgmural.com\/fr\/frequently-asked-questions\/#breadcrumb","itemListElement":[{"@type":"ListItem","position":1,"name":"Home","item":"https:\/\/lgmural.com\/fr\/"},{"@type":"ListItem","position":2,"name":"Questions Fr\u00e9quemment Pos\u00e9es"}]},{"@type":"WebSite","@id":"https:\/\/lgmural.com\/#website","url":"https:\/\/lgmural.com\/","name":"LG Mural","description":"Your Gym at Home","publisher":{"@id":"https:\/\/lgmural.com\/#organization"},"potentialAction":[{"@type":"SearchAction","target":{"@type":"EntryPoint","urlTemplate":"https:\/\/lgmural.com\/?s={search_term_string}"},"query-input":{"@type":"PropertyValueSpecification","valueRequired":true,"valueName":"search_term_string"}}],"inLanguage":"fr-CA"},{"@type":"Organization","@id":"https:\/\/lgmural.com\/#organization","name":"LG Mural","url":"https:\/\/lgmural.com\/","logo":{"@type":"ImageObject","inLanguage":"fr-CA","@id":"https:\/\/lgmural.com\/#\/schema\/logo\/image\/","url":"https:\/\/lgmural.com\/wp-content\/uploads\/2025\/10\/logo-dark.png","contentUrl":"https:\/\/lgmural.com\/wp-content\/uploads\/2025\/10\/logo-dark.png","width":925,"height":260,"caption":"LG Mural"},"image":{"@id":"https:\/\/lgmural.com\/#\/schema\/logo\/image\/"}}]}},"_links":{"self":[{"href":"https:\/\/lgmural.com\/fr\/wp-json\/wp\/v2\/pages\/8278","targetHints":{"allow":["GET"]}}],"collection":[{"href":"https:\/\/lgmural.com\/fr\/wp-json\/wp\/v2\/pages"}],"about":[{"href":"https:\/\/lgmural.com\/fr\/wp-json\/wp\/v2\/types\/page"}],"author":[{"embeddable":true,"href":"https:\/\/lgmural.com\/fr\/wp-json\/wp\/v2\/users\/1"}],"replies":[{"embeddable":true,"href":"https:\/\/lgmural.com\/fr\/wp-json\/wp\/v2\/comments?post=8278"}],"version-history":[{"count":1,"href":"https:\/\/lgmural.com\/fr\/wp-json\/wp\/v2\/pages\/8278\/revisions"}],"predecessor-version":[{"id":8585,"href":"https:\/\/lgmural.com\/fr\/wp-json\/wp\/v2\/pages\/8278\/revisions\/8585"}],"wp:attachment":[{"href":"https:\/\/lgmural.com\/fr\/wp-json\/wp\/v2\/media?parent=8278"}],"curies":[{"name":"wp","href":"https:\/\/api.w.org\/{rel}","templated":true}]}}